{"id":2478,"date":"2021-11-12T10:22:29","date_gmt":"2021-11-12T10:22:29","guid":{"rendered":"https:\/\/www.acc.wordpress.limburgsmuseum.tdrn.dev\/zakelijk\/"},"modified":"2022-02-03T15:37:48","modified_gmt":"2022-02-03T15:37:48","slug":"zakelijk","status":"publish","type":"page","link":"https:\/\/www.acc.wordpress.limburgsmuseum.tdrn.dev\/de\/zakelijk\/","title":{"rendered":"Vermietung f\u00fcr gesch\u00e4ftliche Anl\u00e4sse"},"content":{"rendered":"<p>Alle zakelijke mogelijkheden op een rij. Kijk in het overzicht voor alle informatie over het verhuur van onze accommodaties en mogelijkheden voor groepsbezoek in zakelijk verband. Neem voor vragen contact op met de afdeling Sales &amp; Reserveringen via reserveringen@limburgsmuseum.nl of 077 352 2112.<\/p>\n","protected":false},"excerpt":{"rendered":"<p>Alle zakelijke mogelijkheden op een rij. Kijk in het overzicht voor alle informatie over het verhuur van onze accommodaties en mogelijkheden voor groepsbezoek in zakelijk verband. Neem voor vragen contact op met de afdeling Sales &amp; Reserveringen via reserveringen@limburgsmuseum.nl of 077 352 2112.<\/p>\n","protected":false},"author":1,"featured_media":1175,"parent":0,"menu_order":52,"comment_status":"closed","ping_status":"closed","template":"templates\/tpl-blocks.php","meta":{"_acf_changed":false,"_relevanssi_hide_post":"","_relevanssi_hide_content":"","_relevanssi_pin_for_all":"","_relevanssi_pin_keywords":"","_relevanssi_unpin_keywords":"","_relevanssi_related_keywords":"","_relevanssi_related_include_ids":"","_relevanssi_related_exclude_ids":"","_relevanssi_related_no_append":"","_relevanssi_related_not_related":"","_relevanssi_related_posts":"","_relevanssi_noindex_reason":"","inline_featured_image":false,"footnotes":""},"class_list":["post-2478","page","type-page","status-publish","has-post-thumbnail","hentry"],"acf":[],"yoast_head":"<!-- This site is optimized with the Yoast SEO Premium plugin v25.9 (Yoast SEO v25.9) - https:\/\/yoast.com\/wordpress\/plugins\/seo\/ -->\n<title>Vermietung f\u00fcr gesch\u00e4ftliche Anl\u00e4sse - Limburgs Museum<\/title>\n<meta name=\"robots\" content=\"noindex, follow, max-snippet:-1, max-image-preview:large, max-video-preview:-1\" \/>\n<meta property=\"og:locale\" content=\"de_DE\" \/>\n<meta property=\"og:type\" content=\"article\" \/>\n<meta property=\"og:title\" content=\"Vermietung f\u00fcr gesch\u00e4ftliche Anl\u00e4sse\" \/>\n<meta property=\"og:description\" content=\"Alle zakelijke mogelijkheden op een rij. Kijk in het overzicht voor alle informatie over het verhuur van onze accommodaties en mogelijkheden voor groepsbezoek in zakelijk verband. Neem voor vragen contact op met de afdeling Sales &amp; Reserveringen via reserveringen@limburgsmuseum.nl of 077 352 2112.\" \/>\n<meta property=\"og:url\" content=\"https:\/\/www.acc.wordpress.limburgsmuseum.tdrn.dev\/de\/zakelijk\/\" \/>\n<meta property=\"og:site_name\" content=\"Limburgs Museum\" \/>\n<meta property=\"article:modified_time\" content=\"2022-02-03T15:37:48+00:00\" \/>\n<meta property=\"og:image\" content=\"https:\/\/www.acc.wordpress.limburgsmuseum.tdrn.dev\/app\/uploads\/2022\/01\/Limburgs-Museum-Atelier4.jpg\" \/>\n\t<meta property=\"og:image:width\" content=\"2533\" \/>\n\t<meta property=\"og:image:height\" content=\"1690\" \/>\n\t<meta property=\"og:image:type\" content=\"image\/jpeg\" \/>\n<meta name=\"twitter:card\" content=\"summary_large_image\" \/>\n<script type=\"application\/ld+json\" class=\"yoast-schema-graph\">{\"@context\":\"https:\/\/schema.org\",\"@graph\":[{\"@type\":\"WebPage\",\"@id\":\"https:\/\/www.acc.wordpress.limburgsmuseum.tdrn.dev\/de\/zakelijk\/\",\"url\":\"https:\/\/www.acc.wordpress.limburgsmuseum.tdrn.dev\/de\/zakelijk\/\",\"name\":\"Vermietung f\u00fcr gesch\u00e4ftliche Anl\u00e4sse - Limburgs Museum\",\"isPartOf\":{\"@id\":\"https:\/\/www.acc.wordpress.limburgsmuseum.tdrn.dev\/#website\"},\"primaryImageOfPage\":{\"@id\":\"https:\/\/www.acc.wordpress.limburgsmuseum.tdrn.dev\/de\/zakelijk\/#primaryimage\"},\"image\":{\"@id\":\"https:\/\/www.acc.wordpress.limburgsmuseum.tdrn.dev\/de\/zakelijk\/#primaryimage\"},\"thumbnailUrl\":\"https:\/\/www.acc.wordpress.limburgsmuseum.tdrn.dev\/app\/uploads\/2022\/01\/Limburgs-Museum-Atelier4.jpg\",\"datePublished\":\"2021-11-12T10:22:29+00:00\",\"dateModified\":\"2022-02-03T15:37:48+00:00\",\"breadcrumb\":{\"@id\":\"https:\/\/www.acc.wordpress.limburgsmuseum.tdrn.dev\/de\/zakelijk\/#breadcrumb\"},\"inLanguage\":\"de-DE\",\"potentialAction\":[{\"@type\":\"ReadAction\",\"target\":[\"https:\/\/www.acc.wordpress.limburgsmuseum.tdrn.dev\/de\/zakelijk\/\"]}]},{\"@type\":\"ImageObject\",\"inLanguage\":\"de-DE\",\"@id\":\"https:\/\/www.acc.wordpress.limburgsmuseum.tdrn.dev\/de\/zakelijk\/#primaryimage\",\"url\":\"https:\/\/www.acc.wordpress.limburgsmuseum.tdrn.dev\/app\/uploads\/2022\/01\/Limburgs-Museum-Atelier4.jpg\",\"contentUrl\":\"https:\/\/www.acc.wordpress.limburgsmuseum.tdrn.dev\/app\/uploads\/2022\/01\/Limburgs-Museum-Atelier4.jpg\",\"width\":2533,\"height\":1690},{\"@type\":\"BreadcrumbList\",\"@id\":\"https:\/\/www.acc.wordpress.limburgsmuseum.tdrn.dev\/de\/zakelijk\/#breadcrumb\",\"itemListElement\":[{\"@type\":\"ListItem\",\"position\":1,\"name\":\"Home\",\"item\":\"https:\/\/www.acc.wordpress.limburgsmuseum.tdrn.dev\/\"},{\"@type\":\"ListItem\",\"position\":2,\"name\":\"Vermietung f\u00fcr gesch\u00e4ftliche Anl\u00e4sse\"}]},{\"@type\":\"WebSite\",\"@id\":\"https:\/\/www.acc.wordpress.limburgsmuseum.tdrn.dev\/#website\",\"url\":\"https:\/\/www.acc.wordpress.limburgsmuseum.tdrn.dev\/\",\"name\":\"Limburgs Museum\",\"description\":\"\",\"potentialAction\":[{\"@type\":\"SearchAction\",\"target\":{\"@type\":\"EntryPoint\",\"urlTemplate\":\"https:\/\/www.acc.wordpress.limburgsmuseum.tdrn.dev\/?s={search_term_string}\"},\"query-input\":{\"@type\":\"PropertyValueSpecification\",\"valueRequired\":true,\"valueName\":\"search_term_string\"}}],\"inLanguage\":\"de-DE\"}]}<\/script>\n<!-- \/ Yoast SEO Premium plugin. -->","yoast_head_json":{"title":"Vermietung f\u00fcr gesch\u00e4ftliche Anl\u00e4sse - Limburgs Museum","robots":{"index":"noindex","follow":"follow","max-snippet":"max-snippet:-1","max-image-preview":"max-image-preview:large","max-video-preview":"max-video-preview:-1"},"og_locale":"de_DE","og_type":"article","og_title":"Vermietung f\u00fcr gesch\u00e4ftliche Anl\u00e4sse","og_description":"Alle zakelijke mogelijkheden op een rij. Kijk in het overzicht voor alle informatie over het verhuur van onze accommodaties en mogelijkheden voor groepsbezoek in zakelijk verband. Neem voor vragen contact op met de afdeling Sales &amp; Reserveringen via reserveringen@limburgsmuseum.nl of 077 352 2112.","og_url":"https:\/\/www.acc.wordpress.limburgsmuseum.tdrn.dev\/de\/zakelijk\/","og_site_name":"Limburgs Museum","article_modified_time":"2022-02-03T15:37:48+00:00","og_image":[{"width":2533,"height":1690,"url":"https:\/\/www.acc.wordpress.limburgsmuseum.tdrn.dev\/app\/uploads\/2022\/01\/Limburgs-Museum-Atelier4.jpg","type":"image\/jpeg"}],"twitter_card":"summary_large_image","schema":{"@context":"https:\/\/schema.org","@graph":[{"@type":"WebPage","@id":"https:\/\/www.acc.wordpress.limburgsmuseum.tdrn.dev\/de\/zakelijk\/","url":"https:\/\/www.acc.wordpress.limburgsmuseum.tdrn.dev\/de\/zakelijk\/","name":"Vermietung f\u00fcr gesch\u00e4ftliche Anl\u00e4sse - Limburgs Museum","isPartOf":{"@id":"https:\/\/www.acc.wordpress.limburgsmuseum.tdrn.dev\/#website"},"primaryImageOfPage":{"@id":"https:\/\/www.acc.wordpress.limburgsmuseum.tdrn.dev\/de\/zakelijk\/#primaryimage"},"image":{"@id":"https:\/\/www.acc.wordpress.limburgsmuseum.tdrn.dev\/de\/zakelijk\/#primaryimage"},"thumbnailUrl":"https:\/\/www.acc.wordpress.limburgsmuseum.tdrn.dev\/app\/uploads\/2022\/01\/Limburgs-Museum-Atelier4.jpg","datePublished":"2021-11-12T10:22:29+00:00","dateModified":"2022-02-03T15:37:48+00:00","breadcrumb":{"@id":"https:\/\/www.acc.wordpress.limburgsmuseum.tdrn.dev\/de\/zakelijk\/#breadcrumb"},"inLanguage":"de-DE","potentialAction":[{"@type":"ReadAction","target":["https:\/\/www.acc.wordpress.limburgsmuseum.tdrn.dev\/de\/zakelijk\/"]}]},{"@type":"ImageObject","inLanguage":"de-DE","@id":"https:\/\/www.acc.wordpress.limburgsmuseum.tdrn.dev\/de\/zakelijk\/#primaryimage","url":"https:\/\/www.acc.wordpress.limburgsmuseum.tdrn.dev\/app\/uploads\/2022\/01\/Limburgs-Museum-Atelier4.jpg","contentUrl":"https:\/\/www.acc.wordpress.limburgsmuseum.tdrn.dev\/app\/uploads\/2022\/01\/Limburgs-Museum-Atelier4.jpg","width":2533,"height":1690},{"@type":"BreadcrumbList","@id":"https:\/\/www.acc.wordpress.limburgsmuseum.tdrn.dev\/de\/zakelijk\/#breadcrumb","itemListElement":[{"@type":"ListItem","position":1,"name":"Home","item":"https:\/\/www.acc.wordpress.limburgsmuseum.tdrn.dev\/"},{"@type":"ListItem","position":2,"name":"Vermietung f\u00fcr gesch\u00e4ftliche Anl\u00e4sse"}]},{"@type":"WebSite","@id":"https:\/\/www.acc.wordpress.limburgsmuseum.tdrn.dev\/#website","url":"https:\/\/www.acc.wordpress.limburgsmuseum.tdrn.dev\/","name":"Limburgs Museum","description":"","potentialAction":[{"@type":"SearchAction","target":{"@type":"EntryPoint","urlTemplate":"https:\/\/www.acc.wordpress.limburgsmuseum.tdrn.dev\/?s={search_term_string}"},"query-input":{"@type":"PropertyValueSpecification","valueRequired":true,"valueName":"search_term_string"}}],"inLanguage":"de-DE"}]}},"_links":{"self":[{"href":"https:\/\/www.acc.wordpress.limburgsmuseum.tdrn.dev\/de\/wp-json\/wp\/v2\/pages\/2478","targetHints":{"allow":["GET"]}}],"collection":[{"href":"https:\/\/www.acc.wordpress.limburgsmuseum.tdrn.dev\/de\/wp-json\/wp\/v2\/pages"}],"about":[{"href":"https:\/\/www.acc.wordpress.limburgsmuseum.tdrn.dev\/de\/wp-json\/wp\/v2\/types\/page"}],"author":[{"embeddable":true,"href":"https:\/\/www.acc.wordpress.limburgsmuseum.tdrn.dev\/de\/wp-json\/wp\/v2\/users\/1"}],"replies":[{"embeddable":true,"href":"https:\/\/www.acc.wordpress.limburgsmuseum.tdrn.dev\/de\/wp-json\/wp\/v2\/comments?post=2478"}],"version-history":[{"count":2,"href":"https:\/\/www.acc.wordpress.limburgsmuseum.tdrn.dev\/de\/wp-json\/wp\/v2\/pages\/2478\/revisions"}],"predecessor-version":[{"id":2481,"href":"https:\/\/www.acc.wordpress.limburgsmuseum.tdrn.dev\/de\/wp-json\/wp\/v2\/pages\/2478\/revisions\/2481"}],"wp:featuredmedia":[{"embeddable":true,"href":"https:\/\/www.acc.wordpress.limburgsmuseum.tdrn.dev\/de\/wp-json\/wp\/v2\/media\/1175"}],"wp:attachment":[{"href":"https:\/\/www.acc.wordpress.limburgsmuseum.tdrn.dev\/de\/wp-json\/wp\/v2\/media?parent=2478"}],"curies":[{"name":"wp","href":"https:\/\/api.w.org\/{rel}","templated":true}]}}